{"id":2000,"date":"2024-03-25T16:51:04","date_gmt":"2024-03-25T16:51:04","guid":{"rendered":"https:\/\/totumtech.com\/terms-and-conditions\/"},"modified":"2024-03-25T18:00:01","modified_gmt":"2024-03-25T18:00:01","slug":"terms-and-conditions","status":"publish","type":"page","link":"https:\/\/totumtech.com\/fr\/terms-and-conditions\/","title":{"rendered":"Terms and conditions"},"content":{"rendered":"\t\t<div data-elementor-type=\"wp-page\" data-elementor-id=\"2000\" class=\"elementor elementor-2000 elementor-1990\" data-elementor-post-type=\"page\">\n\t\t\t\t<div class=\"elementor-element elementor-element-56bcffa e-flex e-con-boxed e-con e-parent\" data-id=\"56bcffa\" data-element_type=\"container\" data-e-type=\"container\">\n\t\t\t\t\t<div class=\"e-con-inner\">\n\t\t\t\t<div class=\"elementor-element elementor-element-5b476c0 elementor-widget elementor-widget-heading\" data-id=\"5b476c0\" data-element_type=\"widget\" data-e-type=\"widget\" data-widget_type=\"heading.default\">\n\t\t\t\t<div class=\"elementor-widget-container\">\n\t\t\t\t\t<h1 class=\"elementor-heading-title elementor-size-default\">CONDITIONS G\u00c9N\u00c9RALES<\/h1>\t\t\t\t<\/div>\n\t\t\t\t<\/div>\n\t\t\t\t<div class=\"elementor-element elementor-element-9c1c429 elementor-widget elementor-widget-text-editor\" data-id=\"9c1c429\" data-element_type=\"widget\" data-e-type=\"widget\" data-widget_type=\"text-editor.default\">\n\t\t\t\t<div class=\"elementor-widget-container\">\n\t\t\t\t\t\t\t\t\tLes pr\u00e9sentes conditions g\u00e9n\u00e9rales (les \u00ab\u2009Conditions g\u00e9n\u00e9rales\u2009\u00bb) r\u00e9gissent l\u2019utilisation du site totumtech.com (le \u00ab\u2009Site\u2009\u00bb).\t\t\t\t\t\t\t\t<\/div>\n\t\t\t\t<\/div>\n\t\t\t\t<div class=\"elementor-element elementor-element-dc9b2cd elementor-widget elementor-widget-text-editor\" data-id=\"dc9b2cd\" data-element_type=\"widget\" data-e-type=\"widget\" data-widget_type=\"text-editor.default\">\n\t\t\t\t<div class=\"elementor-widget-container\">\n\t\t\t\t\t\t\t\t\tCe Site appartient et est g\u00e9r\u00e9 par Totum Tech. Le type du Site est le suivant : Produits and services.\t\t\t\t\t\t\t\t<\/div>\n\t\t\t\t<\/div>\n\t\t\t\t<div class=\"elementor-element elementor-element-e5ca407 elementor-widget elementor-widget-text-editor\" data-id=\"e5ca407\" data-element_type=\"widget\" data-e-type=\"widget\" data-widget_type=\"text-editor.default\">\n\t\t\t\t<div class=\"elementor-widget-container\">\n\t\t\t\t\t\t\t\t\tEn utilisant ce Site, vous indiquez que vous avez lu et compris les Conditions g\u00e9n\u00e9rales et que vous acceptez de les respecter en tout temps.\t\t\t\t\t\t\t\t<\/div>\n\t\t\t\t<\/div>\n\t\t\t\t<div class=\"elementor-element elementor-element-598100d elementor-widget elementor-widget-text-editor\" data-id=\"598100d\" data-element_type=\"widget\" data-e-type=\"widget\" data-widget_type=\"text-editor.default\">\n\t\t\t\t<div class=\"elementor-widget-container\">\n\t\t\t\t\t\t\t\t\tLES PR\u00c9SENTES CONDITIONS G\u00c9N\u00c9RALES CONTIENNENT UNE CLAUSE DE R\u00c9SOLUTION DES LITIGES QUI A UNE INCIDENCE SUR VOS DROITS EN MATI\u00c8RE DE R\u00c9SOLUTION DES LITIGES. VEUILLEZ LA LIRE ATTENTIVEMENT.\t\t\t\t\t\t\t\t<\/div>\n\t\t\t\t<\/div>\n\t\t\t\t<div class=\"elementor-element elementor-element-33c2da6 elementor-widget elementor-widget-heading\" data-id=\"33c2da6\" data-element_type=\"widget\" data-e-type=\"widget\" data-widget_type=\"heading.default\">\n\t\t\t\t<div class=\"elementor-widget-container\">\n\t\t\t\t\t<h2 class=\"elementor-heading-title elementor-size-default\">Propri\u00e9t\u00e9 intellectuelle<\/h2>\t\t\t\t<\/div>\n\t\t\t\t<\/div>\n\t\t\t\t<div class=\"elementor-element elementor-element-ce904f6 elementor-widget elementor-widget-text-editor\" data-id=\"ce904f6\" data-element_type=\"widget\" data-e-type=\"widget\" data-widget_type=\"text-editor.default\">\n\t\t\t\t<div class=\"elementor-widget-container\">\n\t\t\t\t\t\t\t\t\tTout contenu publi\u00e9 et mis \u00e0 disposition sur ce Site est la propri\u00e9t\u00e9 de Totum Tech et de ses cr\u00e9ateurs. Cela comprend, sans y \u00eatre limit\u00e9, les images, textes, logos, documents, fichiers t\u00e9l\u00e9chargeables et tout ce qui contribue \u00e0 la composition de ce Site.\t\t\t\t\t\t\t\t<\/div>\n\t\t\t\t<\/div>\n\t\t\t\t<div class=\"elementor-element elementor-element-7313c5a elementor-widget elementor-widget-heading\" data-id=\"7313c5a\" data-element_type=\"widget\" data-e-type=\"widget\" data-widget_type=\"heading.default\">\n\t\t\t\t<div class=\"elementor-widget-container\">\n\t\t\t\t\t<h2 class=\"elementor-heading-title elementor-size-default\">Utilisation acceptable<\/h2>\t\t\t\t<\/div>\n\t\t\t\t<\/div>\n\t\t\t\t<div class=\"elementor-element elementor-element-730555d elementor-widget elementor-widget-text-editor\" data-id=\"730555d\" data-element_type=\"widget\" data-e-type=\"widget\" data-widget_type=\"text-editor.default\">\n\t\t\t\t<div class=\"elementor-widget-container\">\n\t\t\t\t\t\t\t\t\tEn tant qu\u2019utilisateur de notre Site, vous acceptez d\u2019utiliser notre Site l\u00e9galement et de ne pas utiliser ce Site pour des fins illicites, \u00e0 savoir :\t\t\t\t\t\t\t\t<\/div>\n\t\t\t\t<\/div>\n\t\t\t\t<div class=\"elementor-element elementor-element-71e20e4 elementor-widget elementor-widget-text-editor\" data-id=\"71e20e4\" data-element_type=\"widget\" data-e-type=\"widget\" data-widget_type=\"text-editor.default\">\n\t\t\t\t<div class=\"elementor-widget-container\">\n\t\t\t\t\t\t\t\t\tHarceler ou maltraiter les autres utilisateurs de notre Site\u2009;\t\t\t\t\t\t\t\t<\/div>\n\t\t\t\t<\/div>\n\t\t\t\t<div class=\"elementor-element elementor-element-8c53064 elementor-widget elementor-widget-text-editor\" data-id=\"8c53064\" data-element_type=\"widget\" data-e-type=\"widget\" data-widget_type=\"text-editor.default\">\n\t\t\t\t<div class=\"elementor-widget-container\">\n\t\t\t\t\t\t\t\t\tVioler les droits des autres utilisateurs de notre Site\u2009;\t\t\t\t\t\t\t\t<\/div>\n\t\t\t\t<\/div>\n\t\t\t\t<div class=\"elementor-element elementor-element-3e1fe19 elementor-widget elementor-widget-text-editor\" data-id=\"3e1fe19\" data-element_type=\"widget\" data-e-type=\"widget\" data-widget_type=\"text-editor.default\">\n\t\t\t\t<div class=\"elementor-widget-container\">\n\t\t\t\t\t\t\t\t\tVioler les droits de propri\u00e9t\u00e9 intellectuelle des propri\u00e9taires du Site ou de tout tiers au Site\u2009;\t\t\t\t\t\t\t\t<\/div>\n\t\t\t\t<\/div>\n\t\t\t\t<div class=\"elementor-element elementor-element-ab3c308 elementor-widget elementor-widget-text-editor\" data-id=\"ab3c308\" data-element_type=\"widget\" data-e-type=\"widget\" data-widget_type=\"text-editor.default\">\n\t\t\t\t<div class=\"elementor-widget-container\">\n\t\t\t\t\t\t\t\t\tPirater le compte d\u2019un autre utilisateur du Site\u2009;\t\t\t\t\t\t\t\t<\/div>\n\t\t\t\t<\/div>\n\t\t\t\t<div class=\"elementor-element elementor-element-8630c37 elementor-widget elementor-widget-text-editor\" data-id=\"8630c37\" data-element_type=\"widget\" data-e-type=\"widget\" data-widget_type=\"text-editor.default\">\n\t\t\t\t<div class=\"elementor-widget-container\">\n\t\t\t\t\t\t\t\t\tAgir de toute fa\u00e7on qui pourrait \u00eatre consid\u00e9r\u00e9e comme frauduleux\u2009; ou\t\t\t\t\t\t\t\t<\/div>\n\t\t\t\t<\/div>\n\t\t\t\t<div class=\"elementor-element elementor-element-a1cab28 elementor-widget elementor-widget-text-editor\" data-id=\"a1cab28\" data-element_type=\"widget\" data-e-type=\"widget\" data-widget_type=\"text-editor.default\">\n\t\t\t\t<div class=\"elementor-widget-container\">\n\t\t\t\t\t\t\t\t\tafficher tout contenu qui peut \u00eatre jug\u00e9 inappropri\u00e9 ou offensant.\t\t\t\t\t\t\t\t<\/div>\n\t\t\t\t<\/div>\n\t\t\t\t<div class=\"elementor-element elementor-element-11eb557 elementor-widget elementor-widget-text-editor\" data-id=\"11eb557\" data-element_type=\"widget\" data-e-type=\"widget\" data-widget_type=\"text-editor.default\">\n\t\t\t\t<div class=\"elementor-widget-container\">\n\t\t\t\t\t\t\t\t\tSi nous estimons que vous utilisez ce Site ill\u00e9galement ou d\u2019une mani\u00e8re qui viole ces Conditions g\u00e9n\u00e9rales, nous nous r\u00e9servons le droit de limiter, suspendre ou r\u00e9silier votre acc\u00e8s \u00e0 notre Site. Nous nous r\u00e9servons \u00e9galement le droit de prendre toutes les mesures juridiques n\u00e9cessaires pour vous emp\u00eacher d\u2019acc\u00e9der \u00e0 notre Site.\t\t\t\t\t\t\t\t<\/div>\n\t\t\t\t<\/div>\n\t\t\t\t<div class=\"elementor-element elementor-element-cc1c1be elementor-widget elementor-widget-heading\" data-id=\"cc1c1be\" data-element_type=\"widget\" data-e-type=\"widget\" data-widget_type=\"heading.default\">\n\t\t\t\t<div class=\"elementor-widget-container\">\n\t\t\t\t\t<h2 class=\"elementor-heading-title elementor-size-default\">Contributions d\u2019utilisateur<\/h2>\t\t\t\t<\/div>\n\t\t\t\t<\/div>\n\t\t\t\t<div class=\"elementor-element elementor-element-84ecd90 elementor-widget elementor-widget-text-editor\" data-id=\"84ecd90\" data-element_type=\"widget\" data-e-type=\"widget\" data-widget_type=\"text-editor.default\">\n\t\t\t\t<div class=\"elementor-widget-container\">\n\t\t\t\t\t\t\t\t\tLes utilisateurs peuvent publier les informations suivantes sur notre Site :\t\t\t\t\t\t\t\t<\/div>\n\t\t\t\t<\/div>\n\t\t\t\t<div class=\"elementor-element elementor-element-e597e88 elementor-widget elementor-widget-text-editor\" data-id=\"e597e88\" data-element_type=\"widget\" data-e-type=\"widget\" data-widget_type=\"text-editor.default\">\n\t\t\t\t<div class=\"elementor-widget-container\">\n\t\t\t\t\t\t\t\t\tCommentaires publics.\t\t\t\t\t\t\t\t<\/div>\n\t\t\t\t<\/div>\n\t\t\t\t<div class=\"elementor-element elementor-element-b36bd5a elementor-widget elementor-widget-text-editor\" data-id=\"b36bd5a\" data-element_type=\"widget\" data-e-type=\"widget\" data-widget_type=\"text-editor.default\">\n\t\t\t\t<div class=\"elementor-widget-container\">\n\t\t\t\t\t\t\t\t\tEn postant publiquement sur notre Site, vous acceptez de ne pas agir ill\u00e9galement ou violer ces Conditions g\u00e9n\u00e9rales.\t\t\t\t\t\t\t\t<\/div>\n\t\t\t\t<\/div>\n\t\t\t\t<div class=\"elementor-element elementor-element-362ad76 elementor-widget elementor-widget-heading\" data-id=\"362ad76\" data-element_type=\"widget\" data-e-type=\"widget\" data-widget_type=\"heading.default\">\n\t\t\t\t<div class=\"elementor-widget-container\">\n\t\t\t\t\t<h2 class=\"elementor-heading-title elementor-size-default\">Limitation de responsabilit\u00e9<\/h2>\t\t\t\t<\/div>\n\t\t\t\t<\/div>\n\t\t\t\t<div class=\"elementor-element elementor-element-a948ba0 elementor-widget elementor-widget-text-editor\" data-id=\"a948ba0\" data-element_type=\"widget\" data-e-type=\"widget\" data-widget_type=\"text-editor.default\">\n\t\t\t\t<div class=\"elementor-widget-container\">\n\t\t\t\t\t\t\t\t\tTotum Tech et nos administrateurs, dirigeants, agents, employ\u00e9s, filiaux et affili\u00e9s ne seront pas responsables des actions, r\u00e9clamations, pertes, dommages, responsabilit\u00e9s et d\u00e9penses, y compris les frais de justice, r\u00e9sultant de votre utilisation du Site.\t\t\t\t\t\t\t\t<\/div>\n\t\t\t\t<\/div>\n\t\t\t\t<div class=\"elementor-element elementor-element-8ce6a8e elementor-widget elementor-widget-heading\" data-id=\"8ce6a8e\" data-element_type=\"widget\" data-e-type=\"widget\" data-widget_type=\"heading.default\">\n\t\t\t\t<div class=\"elementor-widget-container\">\n\t\t\t\t\t<h2 class=\"elementor-heading-title elementor-size-default\">Exon\u00e9ration de responsabilit\u00e9<\/h2>\t\t\t\t<\/div>\n\t\t\t\t<\/div>\n\t\t\t\t<div class=\"elementor-element elementor-element-d2ed4b0 elementor-widget elementor-widget-text-editor\" data-id=\"d2ed4b0\" data-element_type=\"widget\" data-e-type=\"widget\" data-widget_type=\"text-editor.default\">\n\t\t\t\t<div class=\"elementor-widget-container\">\n\t\t\t\t\t\t\t\t\tSauf si la loi l\u2019interdit, en utilisant ce Site, vous tenez indemnes et d\u00e9gagez de toute responsabilit\u00e9 Totum Tech et nos administrateurs, dirigeants, agents, employ\u00e9s, filiales et soci\u00e9t\u00e9s affili\u00e9es de toute action, toute r\u00e9clamation, toute perte, tout dommage, toute responsabilit\u00e9 et toute d\u00e9pense, y compris les frais de justice, r\u00e9sultant de votre utilisation de notre Site ou de votre violation des pr\u00e9sentes Conditions g\u00e9n\u00e9rales.\t\t\t\t\t\t\t\t<\/div>\n\t\t\t\t<\/div>\n\t\t\t\t<div class=\"elementor-element elementor-element-63cd928 elementor-widget elementor-widget-heading\" data-id=\"63cd928\" data-element_type=\"widget\" data-e-type=\"widget\" data-widget_type=\"heading.default\">\n\t\t\t\t<div class=\"elementor-widget-container\">\n\t\t\t\t\t<h2 class=\"elementor-heading-title elementor-size-default\">Lois applicables<\/h2>\t\t\t\t<\/div>\n\t\t\t\t<\/div>\n\t\t\t\t<div class=\"elementor-element elementor-element-d8f5b06 elementor-widget elementor-widget-text-editor\" data-id=\"d8f5b06\" data-element_type=\"widget\" data-e-type=\"widget\" data-widget_type=\"text-editor.default\">\n\t\t\t\t<div class=\"elementor-widget-container\">\n\t\t\t\t\t\t\t\t\tCes Conditions g\u00e9n\u00e9rales sont soumises aux lois applicables de la province du Qu\u00e9bec.\n\t\t\t\t\t\t\t\t<\/div>\n\t\t\t\t<\/div>\n\t\t\t\t<div class=\"elementor-element elementor-element-ca0bdb5 elementor-widget elementor-widget-heading\" data-id=\"ca0bdb5\" data-element_type=\"widget\" data-e-type=\"widget\" data-widget_type=\"heading.default\">\n\t\t\t\t<div class=\"elementor-widget-container\">\n\t\t\t\t\t<h2 class=\"elementor-heading-title elementor-size-default\">R\u00e9solution des litiges<\/h2>\t\t\t\t<\/div>\n\t\t\t\t<\/div>\n\t\t\t\t<div class=\"elementor-element elementor-element-a05c02c elementor-widget elementor-widget-text-editor\" data-id=\"a05c02c\" data-element_type=\"widget\" data-e-type=\"widget\" data-widget_type=\"text-editor.default\">\n\t\t\t\t<div class=\"elementor-widget-container\">\n\t\t\t\t\t\t\t\t\tSous r\u00e9serve des exceptions sp\u00e9cifi\u00e9es dans les pr\u00e9sentes Conditions g\u00e9n\u00e9rales, si vous et Totum Tech ne parvenez pas \u00e0 r\u00e9soudre un diff\u00e9rend par une discussion informelle, vous et Totum Tech convenez de soumettre le probl\u00e8me \u00e0 un m\u00e9diateur. La d\u00e9cision du m\u00e9diateur ne sera pas ex\u00e9cutoire. Tout m\u00e9diateur doit \u00eatre une partie neutre acceptable pour vous et Totum Tech. Les co\u00fbts de m\u00e9diation seront partag\u00e9s \u00e0 parts \u00e9gales entre vous et Totum Tech.\t\t\t\t\t\t\t\t<\/div>\n\t\t\t\t<\/div>\n\t\t\t\t<div class=\"elementor-element elementor-element-3c341a9 elementor-widget elementor-widget-text-editor\" data-id=\"3c341a9\" data-element_type=\"widget\" data-e-type=\"widget\" data-widget_type=\"text-editor.default\">\n\t\t\t\t<div class=\"elementor-widget-container\">\n\t\t\t\t\t\t\t\t\tNonobstant toute autre disposition des pr\u00e9sentes Conditions g\u00e9n\u00e9rales, vous et Totum Tech convenez que vous conservez chacun le droit d\u2019intenter une action devant le tribunal des petites cr\u00e9ances et d\u2019intenter une action en injonction ou en violation de droits de propri\u00e9t\u00e9 intellectuelle.\t\t\t\t\t\t\t\t<\/div>\n\t\t\t\t<\/div>\n\t\t\t\t<div class=\"elementor-element elementor-element-c6af645 elementor-widget elementor-widget-heading\" data-id=\"c6af645\" data-element_type=\"widget\" data-e-type=\"widget\" data-widget_type=\"heading.default\">\n\t\t\t\t<div class=\"elementor-widget-container\">\n\t\t\t\t\t<h2 class=\"elementor-heading-title elementor-size-default\">Divisibilit\u00e9<\/h2>\t\t\t\t<\/div>\n\t\t\t\t<\/div>\n\t\t\t\t<div class=\"elementor-element elementor-element-8ad1fca elementor-widget elementor-widget-text-editor\" data-id=\"8ad1fca\" data-element_type=\"widget\" data-e-type=\"widget\" data-widget_type=\"text-editor.default\">\n\t\t\t\t<div class=\"elementor-widget-container\">\n\t\t\t\t\t\t\t\t\tSi, \u00e0 tout moment, l\u2019une des dispositions \u00e9nonc\u00e9es dans les pr\u00e9sentes Conditions g\u00e9n\u00e9rales est jug\u00e9e incompatible ou invalide en vertu des lois applicables, ces dispositions seront consid\u00e9r\u00e9es comme nulles et seront retir\u00e9es des pr\u00e9sentes Conditions g\u00e9n\u00e9rales. Toutes les autres dispositions ne seront pas touch\u00e9es par cette suppression et le reste des pr\u00e9sentes Conditions g\u00e9n\u00e9rales sera toujours consid\u00e9r\u00e9 comme valide.\t\t\t\t\t\t\t\t<\/div>\n\t\t\t\t<\/div>\n\t\t\t\t<div class=\"elementor-element elementor-element-b628a2e elementor-widget elementor-widget-heading\" data-id=\"b628a2e\" data-element_type=\"widget\" data-e-type=\"widget\" data-widget_type=\"heading.default\">\n\t\t\t\t<div class=\"elementor-widget-container\">\n\t\t\t\t\t<h2 class=\"elementor-heading-title elementor-size-default\">Modifications<\/h2>\t\t\t\t<\/div>\n\t\t\t\t<\/div>\n\t\t\t\t<div class=\"elementor-element elementor-element-b2b3f1c elementor-widget elementor-widget-text-editor\" data-id=\"b2b3f1c\" data-element_type=\"widget\" data-e-type=\"widget\" data-widget_type=\"text-editor.default\">\n\t\t\t\t<div class=\"elementor-widget-container\">\n\t\t\t\t\t\t\t\t\tLes pr\u00e9sentes Conditions g\u00e9n\u00e9rales peuvent \u00eatre modifi\u00e9es de temps \u00e0 autre afin de rester conformes \u00e0 la loi et de refl\u00e9ter tout changement dans la mani\u00e8re dont nous exploitons notre Site et dans la mani\u00e8re dont nous attendons des utilisateurs qu\u2019ils se comportent sur notre Site. Nous informerons les utilisateurs par courriel des modifications apport\u00e9es aux pr\u00e9sentes Conditions g\u00e9n\u00e9rales ou publierons un avis sur notre Site.\t\t\t\t\t\t\t\t<\/div>\n\t\t\t\t<\/div>\n\t\t\t\t<div class=\"elementor-element elementor-element-96f0f2e elementor-widget elementor-widget-heading\" data-id=\"96f0f2e\" data-element_type=\"widget\" data-e-type=\"widget\" data-widget_type=\"heading.default\">\n\t\t\t\t<div class=\"elementor-widget-container\">\n\t\t\t\t\t<h2 class=\"elementor-heading-title elementor-size-default\">Contact <\/h2>\t\t\t\t<\/div>\n\t\t\t\t<\/div>\n\t\t\t\t<div class=\"elementor-element elementor-element-aea8f57 elementor-widget elementor-widget-text-editor\" data-id=\"aea8f57\" data-element_type=\"widget\" data-e-type=\"widget\" data-widget_type=\"text-editor.default\">\n\t\t\t\t<div class=\"elementor-widget-container\">\n\t\t\t\t\t\t\t\t\tVeuillez communiquer avec nous si vous avez des questions ou des pr\u00e9occupations. Nos coordonn\u00e9es sont les suivantes :\t\t\t\t\t\t\t\t<\/div>\n\t\t\t\t<\/div>\n\t\t\t\t<div class=\"elementor-element elementor-element-9dc0276 elementor-widget elementor-widget-text-editor\" data-id=\"9dc0276\" data-element_type=\"widget\" data-e-type=\"widget\" data-widget_type=\"text-editor.default\">\n\t\t\t\t<div class=\"elementor-widget-container\">\n\t\t\t\t\t\t\t\t\t(514) 207-0228\t\t\t\t\t\t\t\t<\/div>\n\t\t\t\t<\/div>\n\t\t\t\t<div class=\"elementor-element elementor-element-ce7fb9b elementor-widget elementor-widget-text-editor\" data-id=\"ce7fb9b\" data-element_type=\"widget\" data-e-type=\"widget\" data-widget_type=\"text-editor.default\">\n\t\t\t\t<div class=\"elementor-widget-container\">\n\t\t\t\t\t\t\t\t\t<a href=\"mailto:contact@totumtech.com\">contact@totumtech.com<\/a>\t\t\t\t\t\t\t\t<\/div>\n\t\t\t\t<\/div>\n\t\t\t\t<div class=\"elementor-element elementor-element-b2dd54f elementor-widget elementor-widget-text-editor\" data-id=\"b2dd54f\" data-element_type=\"widget\" data-e-type=\"widget\" data-widget_type=\"text-editor.default\">\n\t\t\t\t<div class=\"elementor-widget-container\">\n\t\t\t\t\t\t\t\t\t400 rue Montfort, CP 32, Montr\u00e9al, Qu\u00e9bec, H3C 4J9\t\t\t\t\t\t\t\t<\/div>\n\t\t\t\t<\/div>\n\t\t\t\t<div class=\"elementor-element elementor-element-8b69e2f elementor-widget elementor-widget-text-editor\" data-id=\"8b69e2f\" data-element_type=\"widget\" data-e-type=\"widget\" data-widget_type=\"text-editor.default\">\n\t\t\t\t<div class=\"elementor-widget-container\">\n\t\t\t\t\t\t\t\t\tVous pouvez \u00e9galement nous contacter par le biais du formulaire de retour d\u2019exp\u00e9rience disponible sur notre site.\t\t\t\t\t\t\t\t<\/div>\n\t\t\t\t<\/div>\n\t\t\t\t<div class=\"elementor-element elementor-element-f0c8033 elementor-widget elementor-widget-text-editor\" data-id=\"f0c8033\" data-element_type=\"widget\" data-e-type=\"widget\" data-widget_type=\"text-editor.default\">\n\t\t\t\t<div class=\"elementor-widget-container\">\n\t\t\t\t\t\t\t\t\tDate d\u2019entr\u00e9e en vigueur : 1er mars 2024\t\t\t\t\t\t\t\t<\/div>\n\t\t\t\t<\/div>\n\t\t\t\t<div class=\"elementor-element elementor-element-5dad158 elementor-widget elementor-widget-text-editor\" data-id=\"5dad158\" data-element_type=\"widget\" data-e-type=\"widget\" data-widget_type=\"text-editor.default\">\n\t\t\t\t<div class=\"elementor-widget-container\">\n\t\t\t\t\t\t\t\t\t\u00a92002-2024 LawDepot.ca\u00ae\t\t\t\t\t\t\t\t<\/div>\n\t\t\t\t<\/div>\n\t\t\t\t\t<\/div>\n\t\t\t\t<\/div>\n\t\t\t\t<\/div>\n\t\t","protected":false},"excerpt":{"rendered":"<p>CONDITIONS G\u00c9N\u00c9RALES Les pr\u00e9sentes conditions g\u00e9n\u00e9rales (les \u00ab\u2009Conditions g\u00e9n\u00e9rales\u2009\u00bb) r\u00e9gissent l\u2019utilisation du site totumtech.com (le \u00ab\u2009Site\u2009\u00bb).Ce Site appartient et est [&hellip;]<\/p>\n","protected":false},"author":1,"featured_media":0,"parent":0,"menu_order":0,"comment_status":"closed","ping_status":"closed","template":"","meta":{"content-type":"","site-sidebar-layout":"no-sidebar","site-content-layout":"","ast-site-content-layout":"full-width-container","site-content-style":"default","site-sidebar-style":"default","ast-global-header-display":"","ast-banner-title-visibility":"","ast-main-header-display":"","ast-hfb-above-header-display":"","ast-hfb-below-header-display":"","ast-hfb-mobile-header-display":"","site-post-title":"disabled","ast-breadcrumbs-content":"","ast-featured-img":"disabled","footer-sml-layout":"","theme-transparent-header-meta":"default","adv-header-id-meta":"","stick-header-meta":"","header-above-stick-meta":"","header-main-stick-meta":"","header-below-stick-meta":"","astra-migrate-meta-layouts":"set","ast-page-background-enabled":"default","ast-page-background-meta":{"desktop":{"background-color":"var(--ast-global-color-4)","background-image":"","background-repeat":"repeat","background-position":"center center","background-size":"auto","background-attachment":"scroll","background-type":"","background-media":"","overlay-type":"","overlay-color":"","overlay-opacity":"","overlay-gradient":""},"tablet":{"background-color":"","background-image":"","background-repeat":"repeat","background-position":"center center","background-size":"auto","background-attachment":"scroll","background-type":"","background-media":"","overlay-type":"","overlay-color":"","overlay-opacity":"","overlay-gradient":""},"mobile":{"background-color":"","background-image":"","background-repeat":"repeat","background-position":"center center","background-size":"auto","background-attachment":"scroll","background-type":"","background-media":"","overlay-type":"","overlay-color":"","overlay-opacity":"","overlay-gradient":""}},"ast-content-background-meta":{"desktop":{"background-color":"var(--ast-global-color-5)","background-image":"","background-repeat":"repeat","background-position":"center center","background-size":"auto","background-attachment":"scroll","background-type":"","background-media":"","overlay-type":"","overlay-color":"","overlay-opacity":"","overlay-gradient":""},"tablet":{"background-color":"var(--ast-global-color-5)","background-image":"","background-repeat":"repeat","background-position":"center center","background-size":"auto","background-attachment":"scroll","background-type":"","background-media":"","overlay-type":"","overlay-color":"","overlay-opacity":"","overlay-gradient":""},"mobile":{"background-color":"var(--ast-global-color-5)","background-image":"","background-repeat":"repeat","background-position":"center center","background-size":"auto","background-attachment":"scroll","background-type":"","background-media":"","overlay-type":"","overlay-color":"","overlay-opacity":"","overlay-gradient":""}},"footnotes":""},"class_list":["post-2000","page","type-page","status-publish","hentry"],"_links":{"self":[{"href":"https:\/\/totumtech.com\/fr\/wp-json\/wp\/v2\/pages\/2000","targetHints":{"allow":["GET"]}}],"collection":[{"href":"https:\/\/totumtech.com\/fr\/wp-json\/wp\/v2\/pages"}],"about":[{"href":"https:\/\/totumtech.com\/fr\/wp-json\/wp\/v2\/types\/page"}],"author":[{"embeddable":true,"href":"https:\/\/totumtech.com\/fr\/wp-json\/wp\/v2\/users\/1"}],"replies":[{"embeddable":true,"href":"https:\/\/totumtech.com\/fr\/wp-json\/wp\/v2\/comments?post=2000"}],"version-history":[{"count":0,"href":"https:\/\/totumtech.com\/fr\/wp-json\/wp\/v2\/pages\/2000\/revisions"}],"wp:attachment":[{"href":"https:\/\/totumtech.com\/fr\/wp-json\/wp\/v2\/media?parent=2000"}],"curies":[{"name":"wp","href":"https:\/\/api.w.org\/{rel}","templated":true}]}}